{"id":173,"date":"2014-10-17T17:13:44","date_gmt":"2014-10-17T15:13:44","guid":{"rendered":"http:\/\/herbertp.de\/wordpress\/?page_id=173"},"modified":"2026-03-17T12:54:52","modified_gmt":"2026-03-17T10:54:52","slug":"home","status":"publish","type":"page","link":"https:\/\/herbertp.de\/wordpress\/","title":{"rendered":"Home"},"content":{"rendered":"<h5 style=\"text-align: center;\"><a href=\"http:\/\/herbertp.de\/wordpress\/wp-content\/uploads\/2018\/08\/f\u00fcr-HP-2018_IMG_0504_sepia.jpg\"><img loading=\"lazy\" decoding=\"async\" class=\"wp-image-517  aligncenter\" src=\"http:\/\/herbertp.de\/wordpress\/wp-content\/uploads\/2018\/08\/f\u00fcr-HP-2018_IMG_0504_sepia-1024x733.jpg\" alt=\"\" width=\"808\" height=\"579\" srcset=\"https:\/\/herbertp.de\/wordpress\/wp-content\/uploads\/2018\/08\/f\u00fcr-HP-2018_IMG_0504_sepia-1024x733.jpg 1024w, https:\/\/herbertp.de\/wordpress\/wp-content\/uploads\/2018\/08\/f\u00fcr-HP-2018_IMG_0504_sepia-300x215.jpg 300w, https:\/\/herbertp.de\/wordpress\/wp-content\/uploads\/2018\/08\/f\u00fcr-HP-2018_IMG_0504_sepia-768x549.jpg 768w, https:\/\/herbertp.de\/wordpress\/wp-content\/uploads\/2018\/08\/f\u00fcr-HP-2018_IMG_0504_sepia-660x472.jpg 660w\" sizes=\"auto, (max-width: 808px) 100vw, 808px\" \/><\/a><em>Musik ber\u00fchrt die Seele!<\/em><\/h5>\n<hr id=\"Biografie\" \/>\n<h1 style=\"text-align: center;\">\u00dcber mich<\/h1>\n<p style=\"text-align: left;\">Seit einiger Zeit besch\u00e4ftige ich mich wieder mehr mit Musik. Gerne covere ich dabei Songs von Bob Dylan, Tom Petty, Neil Young und anderen bekannten K\u00fcnstlern. Aber im Laufe der Zeit sind auch eigene Lieder entstanden.<\/p>\n<p>All das entspannt mich und ich hoffe, dass es auch meinen Zuh\u00f6rerinnen und Zuh\u00f6rern Freude bereitet. Das w\u00e4re sch\u00f6n!<\/p>\n<h1 style=\"text-align: center;\">Media<\/h1>\n<h1 style=\"text-align: center;\"><em>Herbert P<\/em><\/h1>\n<p style=\"text-align: center;\">Hier sind meine\u00a0<span style=\"font-size: 1rem;\">ver\u00f6ffentlichten <\/span><span style=\"font-size: 1rem;\">eigenen\u00a0 Songs. Ich w\u00fcrde mich freuen, wenn Ihr mal reinh\u00f6rt. Danke!<\/span><\/p>\n<h4 style=\"text-align: center;\"><strong>EIGENE SONGS:<\/strong><\/h4>\n<p style=\"text-align: center;\"><a href=\"http:\/\/herbertp.de\/wordpress\/wp-content\/uploads\/2026\/02\/Cover-fronts_design5_v2_HFP-Records.jpg\"><img loading=\"lazy\" decoding=\"async\" class=\"wp-image-630 aligncenter\" src=\"http:\/\/herbertp.de\/wordpress\/wp-content\/uploads\/2026\/02\/Cover-fronts_design5_v2_HFP-Records-150x150.jpg\" alt=\"\" width=\"220\" height=\"220\" srcset=\"https:\/\/herbertp.de\/wordpress\/wp-content\/uploads\/2026\/02\/Cover-fronts_design5_v2_HFP-Records-150x150.jpg 150w, https:\/\/herbertp.de\/wordpress\/wp-content\/uploads\/2026\/02\/Cover-fronts_design5_v2_HFP-Records-300x300.jpg 300w, https:\/\/herbertp.de\/wordpress\/wp-content\/uploads\/2026\/02\/Cover-fronts_design5_v2_HFP-Records-1024x1024.jpg 1024w, https:\/\/herbertp.de\/wordpress\/wp-content\/uploads\/2026\/02\/Cover-fronts_design5_v2_HFP-Records-768x768.jpg 768w, https:\/\/herbertp.de\/wordpress\/wp-content\/uploads\/2026\/02\/Cover-fronts_design5_v2_HFP-Records-640x640.jpg 640w, https:\/\/herbertp.de\/wordpress\/wp-content\/uploads\/2026\/02\/Cover-fronts_design5_v2_HFP-Records-180x180.jpg 180w, https:\/\/herbertp.de\/wordpress\/wp-content\/uploads\/2026\/02\/Cover-fronts_design5_v2_HFP-Records.jpg 1400w\" sizes=\"auto, (max-width: 220px) 100vw, 220px\" \/><\/a><em><a style=\"font-size: 1.375rem;\" href=\"http:\/\/herbertp.de\/wordpress\/wp-content\/uploads\/2026\/02\/file_00000000af08720aaab5de9ea515336e.png\"><span style=\"color: #000000;\">Auf Spotify zum Anh\u00f6ren!<\/span><\/a><\/em><\/p>\n<p><a href=\"http:\/\/herbertp.de\/wordpress\/wp-content\/uploads\/2026\/02\/Album-Cover-LANG-UNTERWEGS.png\"><img loading=\"lazy\" decoding=\"async\" class=\" wp-image-637 aligncenter\" src=\"http:\/\/herbertp.de\/wordpress\/wp-content\/uploads\/2026\/02\/Album-Cover-LANG-UNTERWEGS-150x150.png\" alt=\"\" width=\"220\" height=\"220\" srcset=\"https:\/\/herbertp.de\/wordpress\/wp-content\/uploads\/2026\/02\/Album-Cover-LANG-UNTERWEGS-150x150.png 150w, https:\/\/herbertp.de\/wordpress\/wp-content\/uploads\/2026\/02\/Album-Cover-LANG-UNTERWEGS-300x300.png 300w, https:\/\/herbertp.de\/wordpress\/wp-content\/uploads\/2026\/02\/Album-Cover-LANG-UNTERWEGS-768x768.png 768w, https:\/\/herbertp.de\/wordpress\/wp-content\/uploads\/2026\/02\/Album-Cover-LANG-UNTERWEGS-640x640.png 640w, https:\/\/herbertp.de\/wordpress\/wp-content\/uploads\/2026\/02\/Album-Cover-LANG-UNTERWEGS-180x180.png 180w, https:\/\/herbertp.de\/wordpress\/wp-content\/uploads\/2026\/02\/Album-Cover-LANG-UNTERWEGS.png 1024w\" sizes=\"auto, (max-width: 220px) 100vw, 220px\" \/><\/a><\/p>\n<p style=\"text-align: center;\"><a style=\"font-size: 1.375rem;\" href=\"http:\/\/herbertp.de\/wordpress\/wp-content\/uploads\/2026\/02\/file_00000000af08720aaab5de9ea515336e.png\"><span style=\"color: #000000;\"><em>Zu h\u00f6ren auf YouTube, AmazonMusic, Spotify, Deezer u.a.<\/em><\/span><\/a><\/p>\n<h1 style=\"text-align: center;\"><\/h1>\n<p>&nbsp;<\/p>\n","protected":false},"excerpt":{"rendered":"<p>Musik ber\u00fchrt die Seele! \u00dcber mich Seit einiger Zeit besch\u00e4ftige ich mich wieder mehr mit Musik. Gerne covere ich dabei Songs von Bob Dylan, Tom Petty, Neil Young und anderen<a href=\"https:\/\/herbertp.de\/wordpress\/\" class=\"more-link\"><span class=\"readmore\">Continue reading<span class=\"screen-reader-text\">Home<\/span><\/span><\/a><\/p>\n","protected":false},"author":1,"featured_media":0,"parent":0,"menu_order":0,"comment_status":"closed","ping_status":"closed","template":"","meta":{"footnotes":""},"class_list":["post-173","page","type-page","status-publish","hentry"],"_links":{"self":[{"href":"https:\/\/herbertp.de\/wordpress\/wp-json\/wp\/v2\/pages\/173","targetHints":{"allow":["GET"]}}],"collection":[{"href":"https:\/\/herbertp.de\/wordpress\/wp-json\/wp\/v2\/pages"}],"about":[{"href":"https:\/\/herbertp.de\/wordpress\/wp-json\/wp\/v2\/types\/page"}],"author":[{"embeddable":true,"href":"https:\/\/herbertp.de\/wordpress\/wp-json\/wp\/v2\/users\/1"}],"replies":[{"embeddable":true,"href":"https:\/\/herbertp.de\/wordpress\/wp-json\/wp\/v2\/comments?post=173"}],"version-history":[{"count":242,"href":"https:\/\/herbertp.de\/wordpress\/wp-json\/wp\/v2\/pages\/173\/revisions"}],"predecessor-version":[{"id":644,"href":"https:\/\/herbertp.de\/wordpress\/wp-json\/wp\/v2\/pages\/173\/revisions\/644"}],"wp:attachment":[{"href":"https:\/\/herbertp.de\/wordpress\/wp-json\/wp\/v2\/media?parent=173"}],"curies":[{"name":"wp","href":"https:\/\/api.w.org\/{rel}","templated":true}]}}