{"id":491,"date":"2018-05-22T09:52:45","date_gmt":"2018-05-22T07:52:45","guid":{"rendered":"http:\/\/herbertp.de\/wordpress\/?page_id=491"},"modified":"2026-02-17T14:38:43","modified_gmt":"2026-02-17T12:38:43","slug":"datenschutz","status":"publish","type":"page","link":"https:\/\/herbertp.de\/wordpress\/datenschutz\/","title":{"rendered":"Datenschutz"},"content":{"rendered":"<h1 id=\"Home\" style=\"text-align: center;\"><\/h1>\n<p><strong>Datenschutzerkl\u00e4rung<\/strong><br \/>\nGrundlegendes: Diese Datenschutzerkl\u00e4rung soll die Nutzer dieser Website \u00fcber die Art, den Umfang und den Zweck der Erhebung und Verwendung personenbezogener Daten durch den Websitebetreiber<\/p>\n<p>Herbert Friedrich Preisinger, Pinzenauerstr. 13, 84378 Dietersburg informieren.<\/p>\n<p>Der Websitebetreiber nimmt den Datenschutz sehr ernst und behandelt Ihre personenbezogenen Daten vertraulich und entsprechend den gesetzlichen Vorschriften. Da durch neue Technologien und die st\u00e4ndige Weiterentwicklung dieser Webseite \u00c4nderungen an dieser Datenschutzerkl\u00e4rung vorgenommen werden k\u00f6nnen, empfehlen wir Ihnen sich die Datenschutzerkl\u00e4rung in regelm\u00e4\u00dfigen Abst\u00e4nden wieder durchzulesen. Definitionen der verwendeten Begriffe (z.B. \u201cpersonenbezogene Daten\u201d oder \u201cVerarbeitung\u201d) finden Sie in Art. 4 DSGVO.<\/p>\n<p>E-Mail: hefrpr@gmail.com\u00a0 \u00a0oder\u00a0\u00a0 Telefon: +49 8565 964830<\/p>\n<p><strong>Zugriffsdaten <\/strong><br \/>\nWir, der Websitebetreiber bzw. Seitenprovider, erheben aufgrund unseres berechtigten Interesses (s. Art. 6 Abs. 1 lit. f. DSGVO) Daten \u00fcber Zugriffe auf die Website und speichern diese als \u201eServer-Logfiles\u201c auf dem Server der Website ab. Folgende Daten werden so protokolliert: Besuchte Website, Uhrzeit zum Zeitpunkt des Zugriffes, Menge der gesendeten Daten in Byte, Quelle\/Verweis, von welchem Sie auf die Seite gelangten Verwendeter Browser, verwendetes Betriebssystem, verwendete IP-Adresse.<br \/>\nDie Server-Logfiles werden f\u00fcr maximal 7 Tage gespeichert und anschlie\u00dfend gel\u00f6scht. Die Speicherung der Daten erfolgt aus Sicherheitsgr\u00fcnden, um z. B. Missbrauchsf\u00e4lle aufkl\u00e4ren zu k\u00f6nnen. M\u00fcssen Daten aus Beweisgr\u00fcnden aufgehoben werden, sind sie solange von der L\u00f6schung ausgenommen, bis der Vorfall endg\u00fcltig gekl\u00e4rt ist.<br \/>\n<strong><br \/>\nUmgang mit Kontaktdaten<\/strong><br \/>\nNehmen Sie mit uns als Websitebetreiber durch die angebotenen Kontaktm\u00f6glichkeiten Verbindung auf, werden Ihre Angaben gespeichert, damit auf diese zur Bearbeitung und Beantwortung Ihrer Anfrage zur\u00fcckgegriffen werden kann. Ohne Ihre Einwilligung werden diese Daten nicht an Dritte weitergegeben.<\/p>\n","protected":false},"excerpt":{"rendered":"<p>Datenschutzerkl\u00e4rung Grundlegendes: Diese Datenschutzerkl\u00e4rung soll die Nutzer dieser Website \u00fcber die Art, den Umfang und den Zweck der Erhebung und Verwendung personenbezogener Daten durch den Websitebetreiber Herbert Friedrich Preisinger, Pinzenauerstr.<a href=\"https:\/\/herbertp.de\/wordpress\/datenschutz\/\" class=\"more-link\"><span class=\"readmore\">Continue reading<span class=\"screen-reader-text\">Datenschutz<\/span><\/span><\/a><\/p>\n","protected":false},"author":1,"featured_media":0,"parent":0,"menu_order":7,"comment_status":"closed","ping_status":"closed","template":"","meta":{"footnotes":""},"class_list":["post-491","page","type-page","status-publish","hentry"],"_links":{"self":[{"href":"https:\/\/herbertp.de\/wordpress\/wp-json\/wp\/v2\/pages\/491","targetHints":{"allow":["GET"]}}],"collection":[{"href":"https:\/\/herbertp.de\/wordpress\/wp-json\/wp\/v2\/pages"}],"about":[{"href":"https:\/\/herbertp.de\/wordpress\/wp-json\/wp\/v2\/types\/page"}],"author":[{"embeddable":true,"href":"https:\/\/herbertp.de\/wordpress\/wp-json\/wp\/v2\/users\/1"}],"replies":[{"embeddable":true,"href":"https:\/\/herbertp.de\/wordpress\/wp-json\/wp\/v2\/comments?post=491"}],"version-history":[{"count":12,"href":"https:\/\/herbertp.de\/wordpress\/wp-json\/wp\/v2\/pages\/491\/revisions"}],"predecessor-version":[{"id":624,"href":"https:\/\/herbertp.de\/wordpress\/wp-json\/wp\/v2\/pages\/491\/revisions\/624"}],"wp:attachment":[{"href":"https:\/\/herbertp.de\/wordpress\/wp-json\/wp\/v2\/media?parent=491"}],"curies":[{"name":"wp","href":"https:\/\/api.w.org\/{rel}","templated":true}]}}